{"id":8,"date":"2023-01-21T11:25:14","date_gmt":"2023-01-21T11:25:14","guid":{"rendered":"https:\/\/emiromax.net\/?page_id=8"},"modified":"2023-01-21T11:25:40","modified_gmt":"2023-01-21T11:25:40","slug":"angol-nyelvoktatas","status":"publish","type":"page","link":"https:\/\/emiromax.net\/en\/angol-nyelvoktatas\/","title":{"rendered":"English language teaching"},"content":{"rendered":"<h1>English language teaching<\/h1>\n<p>V\u00e1laszd egyed\u00fcl\u00e1ll\u00f3an besz\u00e9dcentrikus \u00e9s hat\u00e9kony online angol nyelvtanfolyamunkat, hogy min\u00e9l el\u0151bb foly\u00e9konyan \u00e9s magabiztosan tudj kommunik\u00e1lni sz\u00f3ban \u00e9s \u00edr\u00e1sban egyar\u00e1nt.<br \/>\nEzt a forradalmi m\u00f3dszert akkor aj\u00e1nljuk, amikor val\u00f3di tud\u00e1sra van sz\u00fcks\u00e9g viszonylag r\u00f6vid id\u0151 alatt. Ilyenkor nincs id\u0151 elavult sz\u00f3fordulatokra, a gyakorlatban nem haszn\u00e1lt kifejez\u00e9sekre vagy a nyelvtan t\u00falkombin\u00e1l\u00e1s\u00e1ra. Mire sz\u00e1m\u00edthatsz az \u00f3r\u00e1k alatt?<\/p>\n<ul>\n<li>Mi a val\u00f3di besz\u00e9lt nyelvet tan\u00edtjuk<\/li>\n<li>Gyors \u00e9s hat\u00e9kony, besz\u00e9dcentrikus \u00f3r\u00e1k<\/li>\n<li>Folyamatos sz\u00f6veg\u00e9rt\u00e9s \u00e9s besz\u00e9dgyakorlat<\/li>\n<li>Sokat besz\u00e9lsz, a hib\u00e1kat azonnal korrig\u00e1ljuk, \u00edgy nem a hib\u00e1k r\u00f6gz\u00fclnek<\/li>\n<li>Nem csak az alap szavakat \u00e9s szerkezeteket kell haszn\u00e1lnod, hanem mindig van \u00faj anyag, amit r\u00f6gt\u00f6n be is gyakorlunk<\/li>\n<li>Gyorsan tanulsz, mert mindig a c\u00e9lnyelv vesz k\u00f6r\u00fcl<\/li>\n<li>A koncentr\u00e1ci\u00f3 k\u00e9szs\u00e9ged is garant\u00e1ltan javulni fog, aminek az \u00e9let sz\u00e1mos ter\u00fclet\u00e9n haszn\u00e1t l\u00e1tod majd<\/li>\n<\/ul>\n<p>Minden \u00f3r\u00e1n \u00faj nyelvtant \u00e9s sz\u00f3kincset tanulsz. Azonnal gyakoroljuk is a haszn\u00e1lat\u00e1t, \u00e9s mindent szisztematikusan fel\u00fclvizsg\u00e1lunk, hogy biztosan eml\u00e9kezz a tanultakra. Foly\u00e9konyan \u00e9s magabiztosan tudsz majd besz\u00e9lni.<\/p>","protected":false},"excerpt":{"rendered":"<p>Angol nyelvoktat\u00e1s V\u00e1laszd egyed\u00fcl\u00e1ll\u00f3an besz\u00e9dcentrikus \u00e9s hat\u00e9kony online angol nyelvtanfolyamunkat, hogy min\u00e9l el\u0151bb foly\u00e9konyan \u00e9s magabiztosan tudj kommunik\u00e1lni sz\u00f3ban \u00e9s \u00edr\u00e1sban egyar\u00e1nt. Ezt a forradalmi m\u00f3dszert akkor aj\u00e1nljuk, amikor val\u00f3di tud\u00e1sra van sz\u00fcks\u00e9g viszonylag r\u00f6vid id\u0151 alatt. Ilyenkor nincs id\u0151 elavult sz\u00f3fordulatokra, a gyakorlatban nem haszn\u00e1lt kifejez\u00e9sekre vagy a nyelvtan t\u00falkombin\u00e1l\u00e1s\u00e1ra. Mire sz\u00e1m\u00edthatsz az \u00f3r\u00e1k [&hellip;]<\/p>\n","protected":false},"author":1,"featured_media":0,"parent":0,"menu_order":0,"comment_status":"closed","ping_status":"closed","template":"","meta":{"nf_dc_page":"","footnotes":""},"class_list":["post-8","page","type-page","status-publish","hentry"],"_links":{"self":[{"href":"https:\/\/emiromax.net\/en\/wp-json\/wp\/v2\/pages\/8","targetHints":{"allow":["GET"]}}],"collection":[{"href":"https:\/\/emiromax.net\/en\/wp-json\/wp\/v2\/pages"}],"about":[{"href":"https:\/\/emiromax.net\/en\/wp-json\/wp\/v2\/types\/page"}],"author":[{"embeddable":true,"href":"https:\/\/emiromax.net\/en\/wp-json\/wp\/v2\/users\/1"}],"replies":[{"embeddable":true,"href":"https:\/\/emiromax.net\/en\/wp-json\/wp\/v2\/comments?post=8"}],"version-history":[{"count":1,"href":"https:\/\/emiromax.net\/en\/wp-json\/wp\/v2\/pages\/8\/revisions"}],"predecessor-version":[{"id":9,"href":"https:\/\/emiromax.net\/en\/wp-json\/wp\/v2\/pages\/8\/revisions\/9"}],"wp:attachment":[{"href":"https:\/\/emiromax.net\/en\/wp-json\/wp\/v2\/media?parent=8"}],"curies":[{"name":"wp","href":"https:\/\/api.w.org\/{rel}","templated":true}]}}