{"id":39,"date":"2023-01-23T19:37:04","date_gmt":"2023-01-23T19:37:04","guid":{"rendered":"https:\/\/emiromax.net\/?page_id=39"},"modified":"2023-02-27T10:01:55","modified_gmt":"2023-02-27T10:01:55","slug":"uzleti-lehetosegek","status":"publish","type":"page","link":"https:\/\/emiromax.net\/en\/uzleti-lehetosegek\/","title":{"rendered":"Business opportunities"},"content":{"rendered":"<h1>Business opportunities<\/h1>\n<h2>Elad\u00f3 budapesti sz\u00e1lloda\u00e9p\u00edt\u00e9si project<\/h2>\n<p>Budapest belv\u00e1ros\u00e1ban, turist\u00e1k \u00e1ltal k\u00f6zkedvelt helyen enged\u00e9lyekkel \u00e9s kivitelez\u0151vel rendelkez\u0151 sz\u00e1lloda\u00e9p\u00edt\u00e9si projekt finansz\u00edroz\u00f3t keres.<\/p>\n<p>Bankhitel megoldhat\u00f3.<\/p>\n<p><a class=\"button-link close-link gray\" href=\"\/projects\/01-DS10_DevelopmentProject_Teaser.pdf\" target=\"_blank\" rel=\"noopener\">Let\u00f6lthet\u0151 pdf \u00bb<\/a><\/p>\n<h2>Lak\u00f3park \u00e9p\u00edt\u00e9s Budapesten<\/h2>\n<p>Budapesten a belv\u00e1rosban l\u00e9v\u0151 n\u00e9pszer\u0171 z\u00f6ld\u00f6vezet k\u00f6zel\u00e9ben lak\u00f3ingatlanokat, iroda \u00e9s \u00fczlethelyis\u00e9geket mag\u00e1ba foglal\u00f3 komplexum keres finansz\u00edroz\u00f3t. Tervek, enged\u00e9lyek, kivitelez\u0151 kapacit\u00e1s rendelkez\u00e9sre \u00e1ll, a k\u00e9s\u0151bbi \u00fczemeltet\u00e9s is megoldott.<\/p>\n<p>Bankhitel megoldhat\u00f3.<\/p>\n<p><a class=\"button-link close-link gray\" href=\"\/projects\/02-LigetCity_teaser final.pdf\" target=\"_blank\" rel=\"noopener\">Let\u00f6lthet\u0151 pdf \u00bb<\/a><\/p>\n<h2>V\u00e1rosmajor t\u00e1rsash\u00e1z project<\/h2>\n<p>Eleg\u00e1ns k\u00f6rny\u00e9ken st\u00edlusos t\u00e1rsash\u00e1z \u00e9p\u00edt\u00e9se ak\u00e1r t\u00f6bb finansz\u00edroz\u00f3 bevon\u00e1s\u00e1val is.<\/p>\n<p>Bankhitel megoldhat\u00f3.<\/p>\n<p><a class=\"button-link close-link gray\" href=\"\/projects\/03-V\u00e1rosmajor-privat.pdf\" target=\"_blank\" rel=\"noopener\">Let\u00f6lthet\u0151 pdf \u00bb<\/a><\/p>","protected":false},"excerpt":{"rendered":"<p>\u00dczleti lehet\u0151s\u00e9gek Elad\u00f3 budapesti sz\u00e1lloda\u00e9p\u00edt\u00e9si project Budapest belv\u00e1ros\u00e1ban, turist\u00e1k \u00e1ltal k\u00f6zkedvelt helyen enged\u00e9lyekkel \u00e9s kivitelez\u0151vel rendelkez\u0151 sz\u00e1lloda\u00e9p\u00edt\u00e9si projekt finansz\u00edroz\u00f3t keres. Bankhitel megoldhat\u00f3. Let\u00f6lthet\u0151 pdf \u00bb Lak\u00f3park \u00e9p\u00edt\u00e9s Budapesten Budapesten a belv\u00e1rosban l\u00e9v\u0151 n\u00e9pszer\u0171 z\u00f6ld\u00f6vezet k\u00f6zel\u00e9ben lak\u00f3ingatlanokat, iroda \u00e9s \u00fczlethelyis\u00e9geket mag\u00e1ba foglal\u00f3 komplexum keres finansz\u00edroz\u00f3t. Tervek, enged\u00e9lyek, kivitelez\u0151 kapacit\u00e1s rendelkez\u00e9sre \u00e1ll, a k\u00e9s\u0151bbi \u00fczemeltet\u00e9s is megoldott. [&hellip;]<\/p>\n","protected":false},"author":3,"featured_media":0,"parent":0,"menu_order":0,"comment_status":"closed","ping_status":"closed","template":"","meta":{"nf_dc_page":"","footnotes":""},"class_list":["post-39","page","type-page","status-publish","hentry"],"_links":{"self":[{"href":"https:\/\/emiromax.net\/en\/wp-json\/wp\/v2\/pages\/39","targetHints":{"allow":["GET"]}}],"collection":[{"href":"https:\/\/emiromax.net\/en\/wp-json\/wp\/v2\/pages"}],"about":[{"href":"https:\/\/emiromax.net\/en\/wp-json\/wp\/v2\/types\/page"}],"author":[{"embeddable":true,"href":"https:\/\/emiromax.net\/en\/wp-json\/wp\/v2\/users\/3"}],"replies":[{"embeddable":true,"href":"https:\/\/emiromax.net\/en\/wp-json\/wp\/v2\/comments?post=39"}],"version-history":[{"count":11,"href":"https:\/\/emiromax.net\/en\/wp-json\/wp\/v2\/pages\/39\/revisions"}],"predecessor-version":[{"id":64,"href":"https:\/\/emiromax.net\/en\/wp-json\/wp\/v2\/pages\/39\/revisions\/64"}],"wp:attachment":[{"href":"https:\/\/emiromax.net\/en\/wp-json\/wp\/v2\/media?parent=39"}],"curies":[{"name":"wp","href":"https:\/\/api.w.org\/{rel}","templated":true}]}}