{"id":20,"date":"2023-01-21T11:31:12","date_gmt":"2023-01-21T11:31:12","guid":{"rendered":"https:\/\/emiromax.net\/?page_id=20"},"modified":"2023-02-09T15:32:21","modified_gmt":"2023-02-09T15:32:21","slug":"utazas","status":"publish","type":"page","link":"https:\/\/emiromax.net\/en\/utazas\/","title":{"rendered":"Travel"},"content":{"rendered":"<h1>Travel<\/h1>\n<p>Ha \u00fczleti vagy mag\u00e1n \u00fatja Dubajba vezet, a legjobb helyen j\u00e1r. B\u00edzza r\u00e1nk utaz\u00e1sa, programjai megszervez\u00e9s\u00e9t!<\/p>\n<p>Seg\u00edt\u00fcnk \u00fczleti tal\u00e1lkoz\u00f3kon, konferenci\u00e1kon val\u00f3 r\u00e9szv\u00e9telben. \u00a0C\u00e9galap\u00edt\u00e1st, v\u00e1s\u00e1rl\u00e1st, valamint v\u00edzum vagy ingatlan \u00fcgyeit is nyugodtan r\u00e1nk b\u00edzhatja.<\/p>\n<ul>\n<li>Kedvezm\u00e9nyes sz\u00e1ll\u00e1s foglal\u00e1s<\/li>\n<li>Rep\u00fcl\u0151t\u00e9ri transzfer<\/li>\n<li>Programszervez\u00e9s<\/li>\n<li>Idegenvezet\u00e9s<\/li>\n<li>Sof\u0151rszolg\u00e1lat<\/li>\n<li>Test\u0151r szolg\u00e1ltat\u00e1s<\/li>\n<li>Tolm\u00e1cs szolg\u00e1ltat\u00e1s<\/li>\n<\/ul>","protected":false},"excerpt":{"rendered":"<p>Utaz\u00e1s Ha \u00fczleti vagy mag\u00e1n \u00fatja Dubajba vezet, a legjobb helyen j\u00e1r. B\u00edzza r\u00e1nk utaz\u00e1sa, programjai megszervez\u00e9s\u00e9t! Seg\u00edt\u00fcnk \u00fczleti tal\u00e1lkoz\u00f3kon, konferenci\u00e1kon val\u00f3 r\u00e9szv\u00e9telben. \u00a0C\u00e9galap\u00edt\u00e1st, v\u00e1s\u00e1rl\u00e1st, valamint v\u00edzum vagy ingatlan \u00fcgyeit is nyugodtan r\u00e1nk b\u00edzhatja. Kedvezm\u00e9nyes sz\u00e1ll\u00e1s foglal\u00e1s Rep\u00fcl\u0151t\u00e9ri transzfer Programszervez\u00e9s Idegenvezet\u00e9s Sof\u0151rszolg\u00e1lat Test\u0151r szolg\u00e1ltat\u00e1s Tolm\u00e1cs szolg\u00e1ltat\u00e1s<\/p>","protected":false},"author":1,"featured_media":0,"parent":0,"menu_order":0,"comment_status":"closed","ping_status":"closed","template":"","meta":{"nf_dc_page":"","footnotes":""},"class_list":["post-20","page","type-page","status-publish","hentry"],"_links":{"self":[{"href":"https:\/\/emiromax.net\/en\/wp-json\/wp\/v2\/pages\/20","targetHints":{"allow":["GET"]}}],"collection":[{"href":"https:\/\/emiromax.net\/en\/wp-json\/wp\/v2\/pages"}],"about":[{"href":"https:\/\/emiromax.net\/en\/wp-json\/wp\/v2\/types\/page"}],"author":[{"embeddable":true,"href":"https:\/\/emiromax.net\/en\/wp-json\/wp\/v2\/users\/1"}],"replies":[{"embeddable":true,"href":"https:\/\/emiromax.net\/en\/wp-json\/wp\/v2\/comments?post=20"}],"version-history":[{"count":3,"href":"https:\/\/emiromax.net\/en\/wp-json\/wp\/v2\/pages\/20\/revisions"}],"predecessor-version":[{"id":52,"href":"https:\/\/emiromax.net\/en\/wp-json\/wp\/v2\/pages\/20\/revisions\/52"}],"wp:attachment":[{"href":"https:\/\/emiromax.net\/en\/wp-json\/wp\/v2\/media?parent=20"}],"curies":[{"name":"wp","href":"https:\/\/api.w.org\/{rel}","templated":true}]}}