{"id":18,"date":"2023-01-21T11:30:40","date_gmt":"2023-01-21T11:30:40","guid":{"rendered":"https:\/\/emiromax.net\/?page_id=18"},"modified":"2023-01-21T11:32:43","modified_gmt":"2023-01-21T11:32:43","slug":"tolmacsolas-forditas","status":"publish","type":"page","link":"https:\/\/emiromax.net\/en\/tolmacsolas-forditas\/","title":{"rendered":"Interpretation, translation"},"content":{"rendered":"<h1>Interpretation, translation<\/h1>\n<ul>\n<li>Tolm\u00e1csol\u00e1s<\/li>\n<li>Hivatalos ford\u00edt\u00e1sok elk\u00e9sz\u00edt\u00e9se, beny\u00fajt\u00e1sa<\/li>\n<li>\u00dcgyint\u00e9z\u00e9s meghatalmazottk\u00e9nt elj\u00e1rva<\/li>\n<li>English language teaching<\/li>\n<\/ul>","protected":false},"excerpt":{"rendered":"<p>Tolm\u00e1csol\u00e1s, ford\u00edt\u00e1s Tolm\u00e1csol\u00e1s Hivatalos ford\u00edt\u00e1sok elk\u00e9sz\u00edt\u00e9se, beny\u00fajt\u00e1sa \u00dcgyint\u00e9z\u00e9s meghatalmazottk\u00e9nt elj\u00e1rva Angol nyelvoktat\u00e1s<\/p>","protected":false},"author":1,"featured_media":0,"parent":0,"menu_order":0,"comment_status":"closed","ping_status":"closed","template":"","meta":{"nf_dc_page":"","footnotes":""},"class_list":["post-18","page","type-page","status-publish","hentry"],"_links":{"self":[{"href":"https:\/\/emiromax.net\/en\/wp-json\/wp\/v2\/pages\/18","targetHints":{"allow":["GET"]}}],"collection":[{"href":"https:\/\/emiromax.net\/en\/wp-json\/wp\/v2\/pages"}],"about":[{"href":"https:\/\/emiromax.net\/en\/wp-json\/wp\/v2\/types\/page"}],"author":[{"embeddable":true,"href":"https:\/\/emiromax.net\/en\/wp-json\/wp\/v2\/users\/1"}],"replies":[{"embeddable":true,"href":"https:\/\/emiromax.net\/en\/wp-json\/wp\/v2\/comments?post=18"}],"version-history":[{"count":1,"href":"https:\/\/emiromax.net\/en\/wp-json\/wp\/v2\/pages\/18\/revisions"}],"predecessor-version":[{"id":19,"href":"https:\/\/emiromax.net\/en\/wp-json\/wp\/v2\/pages\/18\/revisions\/19"}],"wp:attachment":[{"href":"https:\/\/emiromax.net\/en\/wp-json\/wp\/v2\/media?parent=18"}],"curies":[{"name":"wp","href":"https:\/\/api.w.org\/{rel}","templated":true}]}}