{"id":16,"date":"2023-01-21T11:30:12","date_gmt":"2023-01-21T11:30:12","guid":{"rendered":"https:\/\/emiromax.net\/?page_id=16"},"modified":"2023-01-21T11:32:41","modified_gmt":"2023-01-21T11:32:41","slug":"tanacsadas-ugyintezes","status":"publish","type":"page","link":"https:\/\/emiromax.net\/en\/tanacsadas-ugyintezes\/","title":{"rendered":"Consulting, administration"},"content":{"rendered":"<h1>Consulting, administration<\/h1>\n<h2>V\u00e1llalkoz\u00e1ssal kapcsolatos tev\u00e9kenys\u00e9geink:<\/h2>\n<ul>\n<li>\u00dczleti befektet\u00e9si lehet\u0151s\u00e9gek felkutat\u00e1sa \u00e9s lebonyol\u00edt\u00e1sa<\/li>\n<li>M\u0171k\u00f6d\u0151 v\u00e1llalkoz\u00e1sok \u00e9rt\u00e9kes\u00edt\u00e9se, ad\u00e1sv\u00e9tel lebonyol\u00edt\u00e1sa<\/li>\n<li>Ad\u00f3tan\u00e1csad\u00e1s, ad\u00f3optimaliz\u00e1l\u00e1s<\/li>\n<li>C\u00e9galap\u00edt\u00e1s, sz\u00e9khelyszolg\u00e1ltat\u00e1s<\/li>\n<li>C\u00e9gmenedzsel\u00e9s, k\u00f6nyvel\u00e9s, b\u00e9rsz\u00e1mfejt\u00e9s, adminisztr\u00e1ci\u00f3s feladatok ell\u00e1t\u00e1sa<\/li>\n<li>Jogi tan\u00e1csad\u00e1s \u00e9s k\u00e9pviseletet, k\u00f6zigazgat\u00e1si \u00fcgyek int\u00e9z\u00e9se meghatalmaz\u00e1ssal<\/li>\n<li>Marketing, PR \u00e9s \u00e9rt\u00e9kes\u00edt\u00e9si feladatok ell\u00e1t\u00e1sa<\/li>\n<li>M\u00e1rka k\u00e9pviselet<\/li>\n<li>Egy\u00e9b \u00fcgyint\u00e9z\u00e9s<\/li>\n<\/ul>\n<h2>Munka\u00fcgyek<\/h2>\n<ul>\n<li>Munkelehet\u0151s\u00e9gek felkutat\u00e1sa, munkaer\u0151k\u00f6zvet\u00edt\u00e9s \u00e9s toborz\u00e1s<\/li>\n<li>B\u00e9rsz\u00e1mfejt\u00e9s \u00e9s egy\u00e9b munka\u00fcgyi feladatok int\u00e9z\u00e9se<\/li>\n<li>Egy\u00e9ni v\u00e1llalkoz\u00f3i enged\u00e9lyek beszerz\u00e9se (digit\u00e1lis nom\u00e1d \u00e9letforma)<\/li>\n<\/ul>\n<h2>Kereskedelemmel kapcsolatos \u00fcgyint\u00e9z\u00e9s<\/h2>\n<ul>\n<li>Lehets\u00e9ges \u00fczleti partnerek, beszerz\u00e9si lehet\u0151s\u00e9gek felkutat\u00e1sa, leinform\u00e1l\u00e1sa<\/li>\n<li>Piackutat\u00e1s \u00e9s marketing<\/li>\n<li>M\u00e1rkak\u00e9pviselet ell\u00e1t\u00e1sa, tem\u00e9kbevezet\u00e9s \u00e9s \u00e9rt\u00e9kes\u00edt\u00e9s<\/li>\n<li>K\u00fclk\u00e9pviseleti iroda fenntart\u00e1sa<\/li>\n<\/ul>\n<h2>Ingatlan\u00fcgyek<\/h2>\n<ul>\n<li>El\u0151ny\u00f6s v\u00e9teli lehet\u0151s\u00e9gek felkutat\u00e1sa<\/li>\n<li>Ingatlanok ad\u00e1sv\u00e9tel\u00e9nek \u00fcgyint\u00e9z\u00e9se<\/li>\n<li>Ingatlaniok \u00fczemeltet\u00e9se, b\u00e9rbead\u00e1sa<\/li>\n<li>Ingatlanok \u0151rz\u00e9se takar\u00edt\u00e1sa \u00e9s karbantart\u00e1sa<\/li>\n<\/ul>","protected":false},"excerpt":{"rendered":"<p>Tan\u00e1csad\u00e1s, \u00fcgyint\u00e9z\u00e9s V\u00e1llalkoz\u00e1ssal kapcsolatos tev\u00e9kenys\u00e9geink: \u00dczleti befektet\u00e9si lehet\u0151s\u00e9gek felkutat\u00e1sa \u00e9s lebonyol\u00edt\u00e1sa M\u0171k\u00f6d\u0151 v\u00e1llalkoz\u00e1sok \u00e9rt\u00e9kes\u00edt\u00e9se, ad\u00e1sv\u00e9tel lebonyol\u00edt\u00e1sa Ad\u00f3tan\u00e1csad\u00e1s, ad\u00f3optimaliz\u00e1l\u00e1s C\u00e9galap\u00edt\u00e1s, sz\u00e9khelyszolg\u00e1ltat\u00e1s C\u00e9gmenedzsel\u00e9s, k\u00f6nyvel\u00e9s, b\u00e9rsz\u00e1mfejt\u00e9s, adminisztr\u00e1ci\u00f3s feladatok ell\u00e1t\u00e1sa Jogi tan\u00e1csad\u00e1s \u00e9s k\u00e9pviseletet, k\u00f6zigazgat\u00e1si \u00fcgyek int\u00e9z\u00e9se meghatalmaz\u00e1ssal Marketing, PR \u00e9s \u00e9rt\u00e9kes\u00edt\u00e9si feladatok ell\u00e1t\u00e1sa M\u00e1rka k\u00e9pviselet Egy\u00e9b \u00fcgyint\u00e9z\u00e9s Munka\u00fcgyek Munkelehet\u0151s\u00e9gek felkutat\u00e1sa, munkaer\u0151k\u00f6zvet\u00edt\u00e9s \u00e9s toborz\u00e1s B\u00e9rsz\u00e1mfejt\u00e9s \u00e9s egy\u00e9b munka\u00fcgyi feladatok [&hellip;]<\/p>\n","protected":false},"author":1,"featured_media":0,"parent":0,"menu_order":0,"comment_status":"closed","ping_status":"closed","template":"","meta":{"nf_dc_page":"","footnotes":""},"class_list":["post-16","page","type-page","status-publish","hentry"],"_links":{"self":[{"href":"https:\/\/emiromax.net\/en\/wp-json\/wp\/v2\/pages\/16","targetHints":{"allow":["GET"]}}],"collection":[{"href":"https:\/\/emiromax.net\/en\/wp-json\/wp\/v2\/pages"}],"about":[{"href":"https:\/\/emiromax.net\/en\/wp-json\/wp\/v2\/types\/page"}],"author":[{"embeddable":true,"href":"https:\/\/emiromax.net\/en\/wp-json\/wp\/v2\/users\/1"}],"replies":[{"embeddable":true,"href":"https:\/\/emiromax.net\/en\/wp-json\/wp\/v2\/comments?post=16"}],"version-history":[{"count":1,"href":"https:\/\/emiromax.net\/en\/wp-json\/wp\/v2\/pages\/16\/revisions"}],"predecessor-version":[{"id":17,"href":"https:\/\/emiromax.net\/en\/wp-json\/wp\/v2\/pages\/16\/revisions\/17"}],"wp:attachment":[{"href":"https:\/\/emiromax.net\/en\/wp-json\/wp\/v2\/media?parent=16"}],"curies":[{"name":"wp","href":"https:\/\/api.w.org\/{rel}","templated":true}]}}