{"id":14,"date":"2023-01-21T11:29:42","date_gmt":"2023-01-21T11:29:42","guid":{"rendered":"https:\/\/emiromax.net\/?page_id=14"},"modified":"2023-02-09T15:21:44","modified_gmt":"2023-02-09T15:21:44","slug":"partnerprogram","status":"publish","type":"page","link":"https:\/\/emiromax.net\/en\/partnerprogram\/","title":{"rendered":"Affiliate program"},"content":{"rendered":"<h1>Legyen Partner\u00fcnk!<\/h1>\n<p>Amennyiben c\u00e9g\u00fcnkh\u00f6z hasonl\u00f3 tev\u00e9kenys\u00e9gekkel foglalkozik, amihez partnert keres, illetve t\u00e1mogatni, vagy b\u0151v\u00edteni tudn\u00e1 szolg\u00e1ltat\u00e1sunkat, m\u0171k\u00f6d\u00e9si ter\u00fclet\u00fcnket, k\u00e9rj\u00fck vegye fel vel\u00fcnk a kapcsolatot!<\/p>\n<h2>Jelenlegi m\u0171k\u00f6d\u00e9si ter\u00fcleteink:<\/h2>\n<ul>\n<li>Egyes\u00fclt Arab Em\u00edrs\u00e9gek<\/li>\n<li>Bahrein<\/li>\n<li>\u00cdrorsz\u00e1g<\/li>\n<li>Szlov\u00e1kia<\/li>\n<li>Magyarorsz\u00e1g<\/li>\n<li>Rom\u00e1nia<\/li>\n<li>Ukrajna<\/li>\n<\/ul>","protected":false},"excerpt":{"rendered":"<p>Legyen Partner\u00fcnk! Amennyiben c\u00e9g\u00fcnkh\u00f6z hasonl\u00f3 tev\u00e9kenys\u00e9gekkel foglalkozik, amihez partnert keres, illetve t\u00e1mogatni, vagy b\u0151v\u00edteni tudn\u00e1 szolg\u00e1ltat\u00e1sunkat, m\u0171k\u00f6d\u00e9si ter\u00fclet\u00fcnket, k\u00e9rj\u00fck vegye fel vel\u00fcnk a kapcsolatot! Jelenlegi m\u0171k\u00f6d\u00e9si ter\u00fcleteink: Egyes\u00fclt Arab Em\u00edrs\u00e9gek Bahrein \u00cdrorsz\u00e1g Szlov\u00e1kia Magyarorsz\u00e1g Rom\u00e1nia Ukrajna<\/p>","protected":false},"author":1,"featured_media":0,"parent":0,"menu_order":0,"comment_status":"closed","ping_status":"closed","template":"","meta":{"nf_dc_page":"","footnotes":""},"class_list":["post-14","page","type-page","status-publish","hentry"],"_links":{"self":[{"href":"https:\/\/emiromax.net\/en\/wp-json\/wp\/v2\/pages\/14","targetHints":{"allow":["GET"]}}],"collection":[{"href":"https:\/\/emiromax.net\/en\/wp-json\/wp\/v2\/pages"}],"about":[{"href":"https:\/\/emiromax.net\/en\/wp-json\/wp\/v2\/types\/page"}],"author":[{"embeddable":true,"href":"https:\/\/emiromax.net\/en\/wp-json\/wp\/v2\/users\/1"}],"replies":[{"embeddable":true,"href":"https:\/\/emiromax.net\/en\/wp-json\/wp\/v2\/comments?post=14"}],"version-history":[{"count":4,"href":"https:\/\/emiromax.net\/en\/wp-json\/wp\/v2\/pages\/14\/revisions"}],"predecessor-version":[{"id":50,"href":"https:\/\/emiromax.net\/en\/wp-json\/wp\/v2\/pages\/14\/revisions\/50"}],"wp:attachment":[{"href":"https:\/\/emiromax.net\/en\/wp-json\/wp\/v2\/media?parent=14"}],"curies":[{"name":"wp","href":"https:\/\/api.w.org\/{rel}","templated":true}]}}