{"id":12,"date":"2023-01-21T11:28:24","date_gmt":"2023-01-21T11:28:24","guid":{"rendered":"https:\/\/emiromax.net\/?page_id=12"},"modified":"2023-01-21T11:28:55","modified_gmt":"2023-01-21T11:28:55","slug":"kezdolap","status":"publish","type":"page","link":"https:\/\/emiromax.net\/en\/","title":{"rendered":"Home"},"content":{"rendered":"<h1>\u00dcdv\u00f6z\u00f6lj\u00fck az Emiromax International weboldal\u00e1n<\/h1>\n<h2>C\u00e9g\u00fcnk \u2013 le\u00e1nyv\u00e1llalatai \u00e9s partnerc\u00e9gei r\u00e9v\u00e9n \u2013, sz\u00e1mos orsz\u00e1gban r\u00e9g\u00f3ta m\u0171k\u00f6d\u0151 v\u00e1llalkoz\u00e1s.<\/h2>\n<p>Szolg\u00e1ltat\u00e1sainkkal a kereskedelmi \u00e9s iparkamar\u00e1khoz hasonl\u00f3an igyeksz\u00fcnk kiv\u00e1l\u00f3 \u00fczleti lehet\u0151s\u00e9geket, besz\u00e1ll\u00edt\u00f3kat, v\u00e1s\u00e1rl\u00f3kat tal\u00e1lni partnereinknek. Seg\u00edtj\u00fck az \u00faj piacokra val\u00f3 bel\u00e9p\u00e9st, ami sok esetben n\u00f6veked\u00e9si ugr\u00e1st jelent \u00fcgyfeleinknek.<\/p>\n<p>C\u00e9lunk egy hossz\u00fa t\u00e1v\u00fa \u00fczleti kapcsolat kialak\u00edt\u00e1sa, partnereink folyamatos seg\u00edt\u00e9se \u00e9vtizedeken vagy ak\u00e1r gener\u00e1ci\u00f3kon kereszt\u00fcl. Az alapelv\u00fcnk a megb\u00edzhat\u00f3s\u00e1g, kisz\u00e1m\u00edthat\u00f3s\u00e1g, diszkr\u00e9ci\u00f3. Sz\u00e1munkra a siker nem a profit, hanem az el\u00e9gedett megrendel\u0151, aki hossz\u00fa t\u00e1von \u00fcgyfel\u00fcnk marad, s\u0151t m\u00e1soknak is aj\u00e1nlja szolg\u00e1ltat\u00e1sunkat.<\/p>","protected":false},"excerpt":{"rendered":"<p>\u00dcdv\u00f6z\u00f6lj\u00fck az Emiromax International weboldal\u00e1n C\u00e9g\u00fcnk \u2013 le\u00e1nyv\u00e1llalatai \u00e9s partnerc\u00e9gei r\u00e9v\u00e9n \u2013, sz\u00e1mos orsz\u00e1gban r\u00e9g\u00f3ta m\u0171k\u00f6d\u0151 v\u00e1llalkoz\u00e1s. Szolg\u00e1ltat\u00e1sainkkal a kereskedelmi \u00e9s iparkamar\u00e1khoz hasonl\u00f3an igyeksz\u00fcnk kiv\u00e1l\u00f3 \u00fczleti lehet\u0151s\u00e9geket, besz\u00e1ll\u00edt\u00f3kat, v\u00e1s\u00e1rl\u00f3kat tal\u00e1lni partnereinknek. Seg\u00edtj\u00fck az \u00faj piacokra val\u00f3 bel\u00e9p\u00e9st, ami sok esetben n\u00f6veked\u00e9si ugr\u00e1st jelent \u00fcgyfeleinknek. C\u00e9lunk egy hossz\u00fa t\u00e1v\u00fa \u00fczleti kapcsolat kialak\u00edt\u00e1sa, partnereink folyamatos seg\u00edt\u00e9se \u00e9vtizedeken [&hellip;]<\/p>\n","protected":false},"author":1,"featured_media":0,"parent":0,"menu_order":0,"comment_status":"closed","ping_status":"closed","template":"page-frontpage.php","meta":{"nf_dc_page":"","footnotes":""},"class_list":["post-12","page","type-page","status-publish","hentry"],"_links":{"self":[{"href":"https:\/\/emiromax.net\/en\/wp-json\/wp\/v2\/pages\/12","targetHints":{"allow":["GET"]}}],"collection":[{"href":"https:\/\/emiromax.net\/en\/wp-json\/wp\/v2\/pages"}],"about":[{"href":"https:\/\/emiromax.net\/en\/wp-json\/wp\/v2\/types\/page"}],"author":[{"embeddable":true,"href":"https:\/\/emiromax.net\/en\/wp-json\/wp\/v2\/users\/1"}],"replies":[{"embeddable":true,"href":"https:\/\/emiromax.net\/en\/wp-json\/wp\/v2\/comments?post=12"}],"version-history":[{"count":1,"href":"https:\/\/emiromax.net\/en\/wp-json\/wp\/v2\/pages\/12\/revisions"}],"predecessor-version":[{"id":13,"href":"https:\/\/emiromax.net\/en\/wp-json\/wp\/v2\/pages\/12\/revisions\/13"}],"wp:attachment":[{"href":"https:\/\/emiromax.net\/en\/wp-json\/wp\/v2\/media?parent=12"}],"curies":[{"name":"wp","href":"https:\/\/api.w.org\/{rel}","templated":true}]}}